{"id":30,"date":"2017-10-06T06:22:45","date_gmt":"2017-10-06T06:22:45","guid":{"rendered":"https:\/\/lagrandelouviere.be\/index.php\/contact\/"},"modified":"2026-04-13T22:18:13","modified_gmt":"2026-04-13T20:18:13","slug":"contact","status":"publish","type":"page","link":"https:\/\/lagrandelouviere.be\/index.php\/contact\/","title":{"rendered":"Contact"},"content":{"rendered":"\t\t<div data-elementor-type=\"wp-post\" data-elementor-id=\"30\" class=\"elementor elementor-30\">\n\t\t\t\t\t\t<section class=\"elementor-section elementor-top-section elementor-element elementor-element-wqbcjjc elementor-section-boxed elementor-section-height-default elementor-section-height-default\" data-id=\"wqbcjjc\" data-element_type=\"section\" data-settings=\"{&quot;background_background&quot;:&quot;classic&quot;}\">\n\t\t\t\t\t\t\t<div class=\"elementor-background-overlay\"><\/div>\n\t\t\t\t\t\t\t<div class=\"elementor-container elementor-column-gap-default\">\n\t\t\t\t\t<div class=\"elementor-column elementor-col-100 elementor-top-column elementor-element elementor-element-jyedxod\" data-id=\"jyedxod\" data-element_type=\"column\">\n\t\t\t<div class=\"elementor-widget-wrap elementor-element-populated\">\n\t\t\t\t\t\t<div class=\"elementor-element elementor-element-lwqfzic elementor-widget elementor-widget-heading\" data-id=\"lwqfzic\" data-element_type=\"widget\" data-settings=\"{&quot;_animation&quot;:&quot;none&quot;,&quot;_animation_delay&quot;:200}\" data-widget_type=\"heading.default\">\n\t\t\t\t<div class=\"elementor-widget-container\">\n\t\t\t<h5 class=\"elementor-heading-title elementor-size-default\">La Grande Louvi\u00e8re<\/h5>\t\t<\/div>\n\t\t\t\t<\/div>\n\t\t\t\t<div class=\"elementor-element elementor-element-ljodyym elementor-invisible elementor-widget elementor-widget-heading\" data-id=\"ljodyym\" data-element_type=\"widget\" data-settings=\"{&quot;_animation&quot;:&quot;fadeInUp&quot;,&quot;_animation_delay&quot;:200}\" data-widget_type=\"heading.default\">\n\t\t\t\t<div class=\"elementor-widget-container\">\n\t\t\t<h1 class=\"elementor-heading-title elementor-size-default\">Contact<\/h1>\t\t<\/div>\n\t\t\t\t<\/div>\n\t\t\t\t<div class=\"elementor-element elementor-element-ugfldfr animated-slow elementor-invisible elementor-widget elementor-widget-text-editor\" data-id=\"ugfldfr\" data-element_type=\"widget\" data-settings=\"{&quot;_animation&quot;:&quot;fadeInUp&quot;}\" data-widget_type=\"text-editor.default\">\n\t\t\t\t<div class=\"elementor-widget-container\">\n\t\t\t\t\t\t\t<p>Un domaine exceptionnel situ\u00e9 dans un cadre verdoyant \u00e0 La Louvi\u00e8re.<\/p>\t\t\t\t\t\t<\/div>\n\t\t\t\t<\/div>\n\t\t\t\t\t<\/div>\n\t\t<\/div>\n\t\t\t\t\t<\/div>\n\t\t<\/section>\n\t\t\t\t<section class=\"elementor-section elementor-top-section elementor-element elementor-element-kpzckqp elementor-section-boxed elementor-section-height-default elementor-section-height-default\" data-id=\"kpzckqp\" data-element_type=\"section\" data-settings=\"{&quot;background_background&quot;:&quot;classic&quot;}\">\n\t\t\t\t\t\t\t<div class=\"elementor-background-overlay\"><\/div>\n\t\t\t\t\t\t\t<div class=\"elementor-container elementor-column-gap-default\">\n\t\t\t\t\t<div class=\"elementor-column elementor-col-100 elementor-top-column elementor-element elementor-element-jy3dpkh\" data-id=\"jy3dpkh\" data-element_type=\"column\">\n\t\t\t<div class=\"elementor-widget-wrap elementor-element-populated\">\n\t\t\t\t\t\t<div class=\"elementor-element elementor-element-76c2622 elementor-widget elementor-widget-heading\" data-id=\"76c2622\" data-element_type=\"widget\" data-widget_type=\"heading.default\">\n\t\t\t\t<div class=\"elementor-widget-container\">\n\t\t\t<h2 class=\"elementor-heading-title elementor-size-default\">Ecrivez-nous<\/h2>\t\t<\/div>\n\t\t\t\t<\/div>\n\t\t\t\t<div class=\"elementor-element elementor-element-eaca5f0 elementor-widget elementor-widget-text-editor\" data-id=\"eaca5f0\" data-element_type=\"widget\" data-widget_type=\"text-editor.default\">\n\t\t\t\t<div class=\"elementor-widget-container\">\n\t\t\t\t\t\t\t<p>Que vous cherchiez \u00e0 organiser un mariage \u00e9l\u00e9gant, une soir\u00e9e d\u2019entreprise ou un anniversaire inoubliable, nous avons tout ce qu\u2019il faut pour que votre \u00e9v\u00e9nement soit une r\u00e9ussite totale.<\/p>\t\t\t\t\t\t<\/div>\n\t\t\t\t<\/div>\n\t\t\t\t<div class=\"elementor-element elementor-element-9d8c82a elementor-widget elementor-widget-shortcode\" data-id=\"9d8c82a\" data-element_type=\"widget\" data-widget_type=\"shortcode.default\">\n\t\t\t\t<div class=\"elementor-widget-container\">\n\t\t\t\t\t<div class=\"elementor-shortcode\"><div class=\"forminator-ui forminator-custom-form forminator-custom-form-1282 forminator-design--default  forminator_ajax\" data-forminator-render=\"0\" data-form=\"forminator-module-1282\" data-uid=\"6a04625b95ecf\"><br\/><\/div><form\n\t\t\t\tid=\"forminator-module-1282\"\n\t\t\t\tclass=\"forminator-ui forminator-custom-form forminator-custom-form-1282 forminator-design--default  forminator_ajax\"\n\t\t\t\tmethod=\"post\"\n\t\t\t\tdata-forminator-render=\"0\"\n\t\t\t\tdata-form-id=\"1282\"\n\t\t\t\t\n\t\t\t\tdata-design=\"default\"\n\t\t\t\t\n\t\t\t\t\n\t\t\t\t\n\t\t\t\tdata-grid=\"open\"\n\t\t\t\t\n\t\t\t\t\n\t\t\t\tstyle=\"display: none;\"\n\t\t\t\t\n\t\t\t\tdata-uid=\"6a04625b95ecf\"\n\t\t\t><div role=\"alert\" aria-live=\"polite\" class=\"forminator-response-message forminator-error\" aria-hidden=\"true\"><\/div><div class=\"forminator-row\"><div id=\"name-1\" class=\"forminator-field-name forminator-col forminator-col-6 \"><div class=\"forminator-field\"><label for=\"forminator-field-name-1_6a04625b95ecf\" id=\"forminator-field-name-1_6a04625b95ecf-label\" class=\"forminator-label\">Pr\u00e9nom <span class=\"forminator-required\">*<\/span><\/label><input type=\"text\" name=\"name-1\" value=\"\" placeholder=\"\" id=\"forminator-field-name-1_6a04625b95ecf\" class=\"forminator-input forminator-name--field\" aria-required=\"true\" \/><\/div><\/div><div id=\"name-2\" class=\"forminator-field-name forminator-col forminator-col-6 \"><div class=\"forminator-field\"><label for=\"forminator-field-name-2_6a04625b95ecf\" id=\"forminator-field-name-2_6a04625b95ecf-label\" class=\"forminator-label\">Nom <span class=\"forminator-required\">*<\/span><\/label><input type=\"text\" name=\"name-2\" value=\"\" placeholder=\"\" id=\"forminator-field-name-2_6a04625b95ecf\" class=\"forminator-input forminator-name--field\" aria-required=\"true\" \/><\/div><\/div><\/div><div class=\"forminator-row\"><div id=\"phone-1\" class=\"forminator-field-phone forminator-col forminator-col-6 \"><div class=\"forminator-field\"><label for=\"forminator-field-phone-1_6a04625b95ecf\" id=\"forminator-field-phone-1_6a04625b95ecf-label\" class=\"forminator-label\">Num\u00e9ro de t\u00e9l\u00e9phone <span class=\"forminator-required\">*<\/span><\/label><input type=\"text\" name=\"phone-1\" value=\"\" placeholder=\"\" id=\"forminator-field-phone-1_6a04625b95ecf\" class=\"forminator-input forminator-field--phone\" data-required=\"1\" aria-required=\"true\" autocomplete=\"off\" \/><\/div><\/div><div id=\"email-1\" class=\"forminator-field-email forminator-col forminator-col-6 \"><div class=\"forminator-field\"><label for=\"forminator-field-email-1_6a04625b95ecf\" id=\"forminator-field-email-1_6a04625b95ecf-label\" class=\"forminator-label\">Email <span class=\"forminator-required\">*<\/span><\/label><input type=\"email\" name=\"email-1\" value=\"\" placeholder=\"\" id=\"forminator-field-email-1_6a04625b95ecf\" class=\"forminator-input forminator-email--field\" data-required=\"1\" aria-required=\"true\" \/><\/div><\/div><\/div><div class=\"forminator-row\"><div id=\"textarea-1\" class=\"forminator-field-textarea forminator-col forminator-col-12 \"><div class=\"forminator-field\"><label for=\"forminator-field-textarea-1_6a04625b95ecf\" id=\"forminator-field-textarea-1_6a04625b95ecf-label\" class=\"forminator-label\">Message<\/label><textarea name=\"textarea-1\" placeholder=\"Saisissez votre message\u2026\" id=\"forminator-field-textarea-1_6a04625b95ecf\" class=\"forminator-textarea\" rows=\"6\" style=\"min-height:140px;\" maxlength=\"180\" ><\/textarea><span id=\"forminator-field-textarea-1_6a04625b95ecf-description\" class=\"forminator-description\"><span data-limit=\"180\" data-type=\"characters\" data-editor=\"\">0 \/ 180<\/span><\/span><\/div><\/div><\/div><div class=\"forminator-row\"><div id=\"captcha-1\" class=\"forminator-field-captcha forminator-col forminator-col-12 \"><div class=\"forminator-captcha-left forminator-g-recaptcha recaptcha-invisible\" data-theme=\"light\" data-badge=\"bottomright\" data-sitekey=\"6Le8pkAlAAAAAP-gTTk5JibBChABguKttvUSWLH7\" data-size=\"invisible\"><\/div> <\/div><\/div><input type=\"hidden\" name=\"referer_url\" value=\"\" \/><div class=\"forminator-row forminator-row-last\"><div class=\"forminator-col\"><div class=\"forminator-field\"><button class=\"forminator-button forminator-button-submit\">Envoyer le message<\/button><\/div><\/div><\/div><input type=\"hidden\" id=\"forminator_nonce\" name=\"forminator_nonce\" value=\"683744a14e\" \/><input type=\"hidden\" name=\"_wp_http_referer\" value=\"\/index.php\/wp-json\/wp\/v2\/pages\/30\" \/><input type=\"hidden\" name=\"form_id\" value=\"1282\"><input type=\"hidden\" name=\"page_id\" value=\"30\"><input type=\"hidden\" name=\"form_type\" value=\"default\"><input type=\"hidden\" name=\"current_url\" value=\"https:\/\/lagrandelouviere.be\/index.php\/contact\/\"><input type=\"hidden\" name=\"render_id\" value=\"0\"><input type=\"hidden\" name=\"action\" value=\"forminator_submit_form_custom-forms\"><\/form><\/div>\n\t\t\t\t<\/div>\n\t\t\t\t<\/div>\n\t\t\t\t\t<\/div>\n\t\t<\/div>\n\t\t\t\t\t<\/div>\n\t\t<\/section>\n\t\t\t\t<section class=\"elementor-section elementor-top-section elementor-element elementor-element-gilt72k elementor-section-full_width elementor-section-content-middle elementor-section-height-default elementor-section-height-default\" data-id=\"gilt72k\" data-element_type=\"section\" data-settings=\"{&quot;background_background&quot;:&quot;classic&quot;}\">\n\t\t\t\t\t\t\t<div class=\"elementor-background-overlay\"><\/div>\n\t\t\t\t\t\t\t<div class=\"elementor-container elementor-column-gap-default\">\n\t\t\t\t\t<div class=\"elementor-column elementor-col-33 elementor-top-column elementor-element elementor-element-s0au42i\" data-id=\"s0au42i\" data-element_type=\"column\">\n\t\t\t<div class=\"elementor-widget-wrap\">\n\t\t\t\t\t\t\t<\/div>\n\t\t<\/div>\n\t\t\t\t<div class=\"elementor-column elementor-col-33 elementor-top-column elementor-element elementor-element-8oncs2s\" data-id=\"8oncs2s\" data-element_type=\"column\" data-settings=\"{&quot;background_background&quot;:&quot;classic&quot;}\">\n\t\t\t<div class=\"elementor-widget-wrap elementor-element-populated\">\n\t\t\t\t\t\t<div class=\"elementor-element elementor-element-b62d17b elementor-widget elementor-widget-heading\" data-id=\"b62d17b\" data-element_type=\"widget\" data-widget_type=\"heading.default\">\n\t\t\t\t<div class=\"elementor-widget-container\">\n\t\t\t<h2 class=\"elementor-heading-title elementor-size-default\">Contactez-nous<\/h2>\t\t<\/div>\n\t\t\t\t<\/div>\n\t\t\t\t<div class=\"elementor-element elementor-element-1bea490 elementor-icon-list--layout-traditional elementor-list-item-link-full_width elementor-widget elementor-widget-icon-list\" data-id=\"1bea490\" data-element_type=\"widget\" data-widget_type=\"icon-list.default\">\n\t\t\t\t<div class=\"elementor-widget-container\">\n\t\t\t\t\t<ul class=\"elementor-icon-list-items\">\n\t\t\t\t\t\t\t<li class=\"elementor-icon-list-item\">\n\t\t\t\t\t\t\t\t\t\t\t<span class=\"elementor-icon-list-icon\">\n\t\t\t\t\t\t\t<i aria-hidden=\"true\" class=\"fas fa-map-marker-alt\"><\/i>\t\t\t\t\t\t<\/span>\n\t\t\t\t\t\t\t\t\t\t<span class=\"elementor-icon-list-text\">Rue de la Grande Louvi\u00e8re 21, 7100 La Louvi\u00e8re<\/span>\n\t\t\t\t\t\t\t\t\t<\/li>\n\t\t\t\t\t\t\t\t<li class=\"elementor-icon-list-item\">\n\t\t\t\t\t\t\t\t\t\t\t<span class=\"elementor-icon-list-icon\">\n\t\t\t\t\t\t\t<i aria-hidden=\"true\" class=\"far fa-envelope-open\"><\/i>\t\t\t\t\t\t<\/span>\n\t\t\t\t\t\t\t\t\t\t<span class=\"elementor-icon-list-text\">lagrandelouviere@skynet.be<\/span>\n\t\t\t\t\t\t\t\t\t<\/li>\n\t\t\t\t\t\t\t\t<li class=\"elementor-icon-list-item\">\n\t\t\t\t\t\t\t\t\t\t\t<span class=\"elementor-icon-list-icon\">\n\t\t\t\t\t\t\t<i aria-hidden=\"true\" class=\"fas fa-phone-alt\"><\/i>\t\t\t\t\t\t<\/span>\n\t\t\t\t\t\t\t\t\t\t<span class=\"elementor-icon-list-text\">064 67 34 28<\/span>\n\t\t\t\t\t\t\t\t\t<\/li>\n\t\t\t\t\t\t<\/ul>\n\t\t\t\t<\/div>\n\t\t\t\t<\/div>\n\t\t\t\t\t<\/div>\n\t\t<\/div>\n\t\t\t\t<div class=\"elementor-column elementor-col-33 elementor-top-column elementor-element elementor-element-h83n7ua\" data-id=\"h83n7ua\" data-element_type=\"column\" id=\"contactMap\">\n\t\t\t<div class=\"elementor-widget-wrap\">\n\t\t\t\t\t\t\t<\/div>\n\t\t<\/div>\n\t\t\t\t\t<\/div>\n\t\t<\/section>\n\t\t\t\t<\/div>\n\t\t","protected":false},"excerpt":{"rendered":"<p>La Grande Louvi\u00e8re Contact Un domaine exceptionnel situ\u00e9 dans un cadre verdoyant \u00e0 La Louvi\u00e8re. Ecrivez-nous Que vous cherchiez \u00e0 organiser un mariage \u00e9l\u00e9gant, une soir\u00e9e d\u2019entreprise ou un anniversaire inoubliable, nous avons tout ce qu\u2019il faut pour que votre \u00e9v\u00e9nement soit une r\u00e9ussite totale. Contactez-nous Rue de la Grande Louvi\u00e8re 21, 7100 La Louvi\u00e8re [&hellip;]<\/p>\n","protected":false},"author":1,"featured_media":0,"parent":0,"menu_order":0,"comment_status":"closed","ping_status":"closed","template":"","meta":{"_seopress_robots_primary_cat":"","_seopress_titles_title":"","_seopress_titles_desc":"","_seopress_robots_index":"","_uag_custom_page_level_css":"","site-sidebar-layout":"no-sidebar","site-content-layout":"page-builder","ast-site-content-layout":"","site-content-style":"default","site-sidebar-style":"default","ast-global-header-display":"","ast-banner-title-visibility":"","ast-main-header-display":"","ast-hfb-above-header-display":"","ast-hfb-below-header-display":"","ast-hfb-mobile-header-display":"","site-post-title":"disabled","ast-breadcrumbs-content":"","ast-featured-img":"disabled","footer-sml-layout":"","theme-transparent-header-meta":"enabled","adv-header-id-meta":"","stick-header-meta":"","header-above-stick-meta":"","header-main-stick-meta":"","header-below-stick-meta":"","astra-migrate-meta-layouts":"default","ast-page-background-enabled":"default","ast-page-background-meta":{"desktop":{"background-color":"","background-image":"","background-repeat":"repeat","background-position":"center center","background-size":"auto","background-attachment":"scroll","background-type":"","background-media":"","overlay-type":"","overlay-color":"","overlay-opacity":"","overlay-gradient":""},"tablet":{"background-color":"","background-image":"","background-repeat":"repeat","background-position":"center center","background-size":"auto","background-attachment":"scroll","background-type":"","background-media":"","overlay-type":"","overlay-color":"","overlay-opacity":"","overlay-gradient":""},"mobile":{"background-color":"","background-image":"","background-repeat":"repeat","background-position":"center center","background-size":"auto","background-attachment":"scroll","background-type":"","background-media":"","overlay-type":"","overlay-color":"","overlay-opacity":"","overlay-gradient":""}},"ast-content-background-meta":{"desktop":{"background-color":"var(--ast-global-color-5)","background-image":"","background-repeat":"repeat","background-position":"center center","background-size":"auto","background-attachment":"scroll","background-type":"","background-media":"","overlay-type":"","overlay-color":"","overlay-opacity":"","overlay-gradient":""},"tablet":{"background-color":"var(--ast-global-color-5)","background-image":"","background-repeat":"repeat","background-position":"center center","background-size":"auto","background-attachment":"scroll","background-type":"","background-media":"","overlay-type":"","overlay-color":"","overlay-opacity":"","overlay-gradient":""},"mobile":{"background-color":"var(--ast-global-color-5)","background-image":"","background-repeat":"repeat","background-position":"center center","background-size":"auto","background-attachment":"scroll","background-type":"","background-media":"","overlay-type":"","overlay-color":"","overlay-opacity":"","overlay-gradient":""}},"footnotes":""},"class_list":["post-30","page","type-page","status-publish","hentry"],"yoast_head":"<!-- This site is optimized with the Yoast SEO plugin v23.6 - https:\/\/yoast.com\/wordpress\/plugins\/seo\/ -->\n<title>Contact | Le domaine La Grande Louvi\u00e8re<\/title>\n<meta name=\"robots\" content=\"index, follow, max-snippet:-1, max-image-preview:large, max-video-preview:-1\" \/>\n<link rel=\"canonical\" href=\"http:\/\/lagrandelouviere.be\/index.php\/contact\/\" \/>\n<meta property=\"og:locale\" content=\"en_US\" \/>\n<meta property=\"og:type\" content=\"article\" \/>\n<meta property=\"og:title\" content=\"Contact | Le domaine La Grande Louvi\u00e8re\" \/>\n<meta property=\"og:description\" content=\"La Grande Louvi\u00e8re Contact Un domaine exceptionnel situ\u00e9 dans un cadre verdoyant \u00e0 La Louvi\u00e8re. Ecrivez-nous Que vous cherchiez \u00e0 organiser un mariage \u00e9l\u00e9gant, une soir\u00e9e d\u2019entreprise ou un anniversaire inoubliable, nous avons tout ce qu\u2019il faut pour que votre \u00e9v\u00e9nement soit une r\u00e9ussite totale. Contactez-nous Rue de la Grande Louvi\u00e8re 21, 7100 La Louvi\u00e8re [&hellip;]\" \/>\n<meta property=\"og:url\" content=\"http:\/\/lagrandelouviere.be\/index.php\/contact\/\" \/>\n<meta property=\"og:site_name\" content=\"La grande louviere\" \/>\n<meta property=\"article:modified_time\" content=\"2026-04-13T20:18:13+00:00\" \/>\n<meta name=\"twitter:card\" content=\"summary_large_image\" \/>\n<meta name=\"twitter:label1\" content=\"Est. reading time\" \/>\n\t<meta name=\"twitter:data1\" content=\"8 minutes\" \/>\n<script type=\"application\/ld+json\" class=\"yoast-schema-graph\">{\"@context\":\"https:\/\/schema.org\",\"@graph\":[{\"@type\":\"WebPage\",\"@id\":\"http:\/\/lagrandelouviere.be\/index.php\/contact\/\",\"url\":\"http:\/\/lagrandelouviere.be\/index.php\/contact\/\",\"name\":\"Contact | Le domaine La Grande Louvi\u00e8re\",\"isPartOf\":{\"@id\":\"https:\/\/lagrandelouviere.be\/#website\"},\"datePublished\":\"2017-10-06T06:22:45+00:00\",\"dateModified\":\"2026-04-13T20:18:13+00:00\",\"breadcrumb\":{\"@id\":\"http:\/\/lagrandelouviere.be\/index.php\/contact\/#breadcrumb\"},\"inLanguage\":\"en-US\",\"potentialAction\":[{\"@type\":\"ReadAction\",\"target\":[\"http:\/\/lagrandelouviere.be\/index.php\/contact\/\"]}]},{\"@type\":\"BreadcrumbList\",\"@id\":\"http:\/\/lagrandelouviere.be\/index.php\/contact\/#breadcrumb\",\"itemListElement\":[{\"@type\":\"ListItem\",\"position\":1,\"name\":\"Accueil\",\"item\":\"http:\/\/lagrandelouviere.be\/\"},{\"@type\":\"ListItem\",\"position\":2,\"name\":\"Contact\"}]},{\"@type\":\"WebSite\",\"@id\":\"https:\/\/lagrandelouviere.be\/#website\",\"url\":\"https:\/\/lagrandelouviere.be\/\",\"name\":\"La grande louviere\",\"description\":\"\",\"publisher\":{\"@id\":\"https:\/\/lagrandelouviere.be\/#organization\"},\"potentialAction\":[{\"@type\":\"SearchAction\",\"target\":{\"@type\":\"EntryPoint\",\"urlTemplate\":\"https:\/\/lagrandelouviere.be\/?s={search_term_string}\"},\"query-input\":{\"@type\":\"PropertyValueSpecification\",\"valueRequired\":true,\"valueName\":\"search_term_string\"}}],\"inLanguage\":\"en-US\"},{\"@type\":\"Organization\",\"@id\":\"https:\/\/lagrandelouviere.be\/#organization\",\"name\":\"La grande louviere\",\"url\":\"https:\/\/lagrandelouviere.be\/\",\"logo\":{\"@type\":\"ImageObject\",\"inLanguage\":\"en-US\",\"@id\":\"https:\/\/lagrandelouviere.be\/#\/schema\/logo\/image\/\",\"url\":\"https:\/\/lagrandelouviere.be\/wp-content\/uploads\/2023\/03\/logo-1.png\",\"contentUrl\":\"https:\/\/lagrandelouviere.be\/wp-content\/uploads\/2023\/03\/logo-1.png\",\"width\":485,\"height\":218,\"caption\":\"La grande louviere\"},\"image\":{\"@id\":\"https:\/\/lagrandelouviere.be\/#\/schema\/logo\/image\/\"}}]}<\/script>\n<!-- \/ Yoast SEO plugin. -->","yoast_head_json":{"title":"Contact | Le domaine La Grande Louvi\u00e8re","robots":{"index":"index","follow":"follow","max-snippet":"max-snippet:-1","max-image-preview":"max-image-preview:large","max-video-preview":"max-video-preview:-1"},"canonical":"http:\/\/lagrandelouviere.be\/index.php\/contact\/","og_locale":"en_US","og_type":"article","og_title":"Contact | Le domaine La Grande Louvi\u00e8re","og_description":"La Grande Louvi\u00e8re Contact Un domaine exceptionnel situ\u00e9 dans un cadre verdoyant \u00e0 La Louvi\u00e8re. Ecrivez-nous Que vous cherchiez \u00e0 organiser un mariage \u00e9l\u00e9gant, une soir\u00e9e d\u2019entreprise ou un anniversaire inoubliable, nous avons tout ce qu\u2019il faut pour que votre \u00e9v\u00e9nement soit une r\u00e9ussite totale. Contactez-nous Rue de la Grande Louvi\u00e8re 21, 7100 La Louvi\u00e8re [&hellip;]","og_url":"http:\/\/lagrandelouviere.be\/index.php\/contact\/","og_site_name":"La grande louviere","article_modified_time":"2026-04-13T20:18:13+00:00","twitter_card":"summary_large_image","twitter_misc":{"Est. reading time":"8 minutes"},"schema":{"@context":"https:\/\/schema.org","@graph":[{"@type":"WebPage","@id":"http:\/\/lagrandelouviere.be\/index.php\/contact\/","url":"http:\/\/lagrandelouviere.be\/index.php\/contact\/","name":"Contact | Le domaine La Grande Louvi\u00e8re","isPartOf":{"@id":"https:\/\/lagrandelouviere.be\/#website"},"datePublished":"2017-10-06T06:22:45+00:00","dateModified":"2026-04-13T20:18:13+00:00","breadcrumb":{"@id":"http:\/\/lagrandelouviere.be\/index.php\/contact\/#breadcrumb"},"inLanguage":"en-US","potentialAction":[{"@type":"ReadAction","target":["http:\/\/lagrandelouviere.be\/index.php\/contact\/"]}]},{"@type":"BreadcrumbList","@id":"http:\/\/lagrandelouviere.be\/index.php\/contact\/#breadcrumb","itemListElement":[{"@type":"ListItem","position":1,"name":"Accueil","item":"http:\/\/lagrandelouviere.be\/"},{"@type":"ListItem","position":2,"name":"Contact"}]},{"@type":"WebSite","@id":"https:\/\/lagrandelouviere.be\/#website","url":"https:\/\/lagrandelouviere.be\/","name":"La grande louviere","description":"","publisher":{"@id":"https:\/\/lagrandelouviere.be\/#organization"},"potentialAction":[{"@type":"SearchAction","target":{"@type":"EntryPoint","urlTemplate":"https:\/\/lagrandelouviere.be\/?s={search_term_string}"},"query-input":{"@type":"PropertyValueSpecification","valueRequired":true,"valueName":"search_term_string"}}],"inLanguage":"en-US"},{"@type":"Organization","@id":"https:\/\/lagrandelouviere.be\/#organization","name":"La grande louviere","url":"https:\/\/lagrandelouviere.be\/","logo":{"@type":"ImageObject","inLanguage":"en-US","@id":"https:\/\/lagrandelouviere.be\/#\/schema\/logo\/image\/","url":"https:\/\/lagrandelouviere.be\/wp-content\/uploads\/2023\/03\/logo-1.png","contentUrl":"https:\/\/lagrandelouviere.be\/wp-content\/uploads\/2023\/03\/logo-1.png","width":485,"height":218,"caption":"La grande louviere"},"image":{"@id":"https:\/\/lagrandelouviere.be\/#\/schema\/logo\/image\/"}}]}},"uagb_featured_image_src":{"full":false,"thumbnail":false,"medium":false,"medium_large":false,"large":false,"1536x1536":false,"2048x2048":false},"uagb_author_info":{"display_name":"salim.jebari","author_link":"https:\/\/lagrandelouviere.be\/index.php\/author\/salim-jebari\/"},"uagb_comment_info":0,"uagb_excerpt":"La Grande Louvi\u00e8re Contact Un domaine exceptionnel situ\u00e9 dans un cadre verdoyant \u00e0 La Louvi\u00e8re. Ecrivez-nous Que vous cherchiez \u00e0 organiser un mariage \u00e9l\u00e9gant, une soir\u00e9e d\u2019entreprise ou un anniversaire inoubliable, nous avons tout ce qu\u2019il faut pour que votre \u00e9v\u00e9nement soit une r\u00e9ussite totale. Contactez-nous Rue de la Grande Louvi\u00e8re 21, 7100 La Louvi\u00e8re&hellip;","_links":{"self":[{"href":"https:\/\/lagrandelouviere.be\/index.php\/wp-json\/wp\/v2\/pages\/30"}],"collection":[{"href":"https:\/\/lagrandelouviere.be\/index.php\/wp-json\/wp\/v2\/pages"}],"about":[{"href":"https:\/\/lagrandelouviere.be\/index.php\/wp-json\/wp\/v2\/types\/page"}],"author":[{"embeddable":true,"href":"https:\/\/lagrandelouviere.be\/index.php\/wp-json\/wp\/v2\/users\/1"}],"replies":[{"embeddable":true,"href":"https:\/\/lagrandelouviere.be\/index.php\/wp-json\/wp\/v2\/comments?post=30"}],"version-history":[{"count":39,"href":"https:\/\/lagrandelouviere.be\/index.php\/wp-json\/wp\/v2\/pages\/30\/revisions"}],"predecessor-version":[{"id":1624,"href":"https:\/\/lagrandelouviere.be\/index.php\/wp-json\/wp\/v2\/pages\/30\/revisions\/1624"}],"wp:attachment":[{"href":"https:\/\/lagrandelouviere.be\/index.php\/wp-json\/wp\/v2\/media?parent=30"}],"curies":[{"name":"wp","href":"https:\/\/api.w.org\/{rel}","templated":true}]}}